{"id":2225,"date":"2024-07-29T18:28:56","date_gmt":"2024-07-29T18:28:56","guid":{"rendered":"https:\/\/pichonbaldinu.com\/press\/"},"modified":"2024-10-30T17:19:35","modified_gmt":"2024-10-30T17:19:35","slug":"press","status":"publish","type":"page","link":"https:\/\/pichonbaldinu.com\/en\/press\/","title":{"rendered":"Press"},"content":{"rendered":"\t\t<div data-elementor-type=\"wp-page\" data-elementor-id=\"2225\" class=\"elementor elementor-2225 elementor-398\" data-elementor-post-type=\"page\">\n\t\t\t\t<div class=\"elementor-element elementor-element-61ca80d4 e-con-full e-flex e-con e-parent\" data-id=\"61ca80d4\" data-element_type=\"container\" data-e-type=\"container\" data-settings=\"{&quot;background_background&quot;:&quot;classic&quot;}\">\n\t\t<div class=\"elementor-element elementor-element-2840aba9 e-con-full e-flex e-con e-child\" data-id=\"2840aba9\" data-element_type=\"container\" data-e-type=\"container\">\n\t\t\t\t<div class=\"elementor-element elementor-element-21645ce6 elementor-view-default elementor-invisible elementor-widget elementor-widget-icon\" data-id=\"21645ce6\" data-element_type=\"widget\" data-e-type=\"widget\" data-settings=\"{&quot;_animation&quot;:&quot;fadeInLeft&quot;}\" data-widget_type=\"icon.default\">\n\t\t\t\t<div class=\"elementor-widget-container\">\n\t\t\t\t\t\t\t<div class=\"elementor-icon-wrapper\">\n\t\t\t<div class=\"elementor-icon\">\n\t\t\t<svg xmlns=\"http:\/\/www.w3.org\/2000\/svg\" width=\"409\" height=\"31\" viewBox=\"0 0 409 31\" fill=\"none\"><path d=\"M407.914 16.9142C408.695 16.1332 408.695 14.8668 407.914 14.0858L395.186 1.35786C394.405 0.576816 393.139 0.576816 392.358 1.35786C391.577 2.13891 391.577 3.40524 392.358 4.18629L403.672 15.5L392.358 26.8137C391.577 27.5948 391.577 28.8611 392.358 29.6421C393.139 30.4232 394.405 30.4232 395.186 29.6421L407.914 16.9142ZM0.5 17.5H406.5V13.5H0.5V17.5Z\" fill=\"white\"><\/path><\/svg>\t\t\t<\/div>\n\t\t<\/div>\n\t\t\t\t\t\t<\/div>\n\t\t\t\t<\/div>\n\t\t\t\t<\/div>\n\t\t<div class=\"elementor-element elementor-element-1b19ef07 e-con-full e-flex e-con e-child\" data-id=\"1b19ef07\" data-element_type=\"container\" data-e-type=\"container\">\n\t\t\t\t<div class=\"elementor-element elementor-element-6d3f32ff elementor-invisible elementor-widget elementor-widget-heading\" data-id=\"6d3f32ff\" data-element_type=\"widget\" data-e-type=\"widget\" data-settings=\"{&quot;_animation&quot;:&quot;fadeInRight&quot;}\" data-widget_type=\"heading.default\">\n\t\t\t\t<div class=\"elementor-widget-container\">\n\t\t\t\t\t<h2 class=\"elementor-heading-title elementor-size-default\">PRESS<\/h2>\t\t\t\t<\/div>\n\t\t\t\t<\/div>\n\t\t\t\t<\/div>\n\t\t\t\t<\/div>\n\t\t<div class=\"elementor-element elementor-element-1546766 e-con-full e-flex e-con e-parent\" data-id=\"1546766\" data-element_type=\"container\" data-e-type=\"container\">\n\t\t<div class=\"elementor-element elementor-element-0ac3bf9 e-con-full e-flex e-con e-child\" data-id=\"0ac3bf9\" data-element_type=\"container\" data-e-type=\"container\">\n\t\t\t\t<div class=\"elementor-element elementor-element-14f4b7d elementor-widget elementor-widget-image\" data-id=\"14f4b7d\" data-element_type=\"widget\" data-e-type=\"widget\" data-widget_type=\"image.default\">\n\t\t\t\t<div class=\"elementor-widget-container\">\n\t\t\t\t\t\t\t\t\t\t\t\t\t\t\t\t<a href=\"https:\/\/www.clarin.com\/espectaculos\/tipo-vuela-pichon_0_BkaCQS1CKl.html\" target=\"_blank\">\n\t\t\t\t\t\t\t<img fetchpriority=\"high\" decoding=\"async\" width=\"587\" height=\"497\" src=\"https:\/\/pichonbaldinu.com\/wp-content\/uploads\/2024\/09\/Sin-titulo-10.png\" class=\"attachment-large size-large wp-image-1687\" alt=\"\" srcset=\"https:\/\/pichonbaldinu.com\/wp-content\/uploads\/2024\/09\/Sin-titulo-10.png 587w, https:\/\/pichonbaldinu.com\/wp-content\/uploads\/2024\/09\/Sin-titulo-10-300x254.png 300w\" sizes=\"(max-width: 587px) 100vw, 587px\" \/>\t\t\t\t\t\t\t\t<\/a>\n\t\t\t\t\t\t\t\t\t\t\t\t\t\t\t<\/div>\n\t\t\t\t<\/div>\n\t\t\t\t<div class=\"elementor-element elementor-element-b4bcb18 elementor-widget elementor-widget-heading\" data-id=\"b4bcb18\" data-element_type=\"widget\" data-e-type=\"widget\" data-widget_type=\"heading.default\">\n\t\t\t\t<div class=\"elementor-widget-container\">\n\t\t\t\t\t<h2 class=\"elementor-heading-title elementor-size-default\">CLAR\u00cdN<\/h2>\t\t\t\t<\/div>\n\t\t\t\t<\/div>\n\t\t\t\t<div class=\"elementor-element elementor-element-d0f42b8 elementor-widget elementor-widget-heading\" data-id=\"d0f42b8\" data-element_type=\"widget\" data-e-type=\"widget\" data-widget_type=\"heading.default\">\n\t\t\t\t<div class=\"elementor-widget-container\">\n\t\t\t\t\t<h2 class=\"elementor-heading-title elementor-size-default\">El tipo que vuela aunque sea Pich\u00f3n<\/h2>\t\t\t\t<\/div>\n\t\t\t\t<\/div>\n\t\t\t\t<\/div>\n\t\t<div class=\"elementor-element elementor-element-f939b9c e-con-full e-flex e-con e-child\" data-id=\"f939b9c\" data-element_type=\"container\" data-e-type=\"container\">\n\t\t\t\t<div class=\"elementor-element elementor-element-59a9bba elementor-widget elementor-widget-image\" data-id=\"59a9bba\" data-element_type=\"widget\" data-e-type=\"widget\" data-widget_type=\"image.default\">\n\t\t\t\t<div class=\"elementor-widget-container\">\n\t\t\t\t\t\t\t\t\t\t\t\t\t\t\t\t<a href=\"https:\/\/www.elperiodicodearagon.com\/cultura\/2007\/04\/02\/baldinu-crea-cuento-poetico-participativo-48040381.html\" target=\"_blank\">\n\t\t\t\t\t\t\t<img decoding=\"async\" width=\"587\" height=\"497\" src=\"https:\/\/pichonbaldinu.com\/wp-content\/uploads\/2024\/09\/Sin-titulo-2.png\" class=\"attachment-large size-large wp-image-1688\" alt=\"\" srcset=\"https:\/\/pichonbaldinu.com\/wp-content\/uploads\/2024\/09\/Sin-titulo-2.png 587w, https:\/\/pichonbaldinu.com\/wp-content\/uploads\/2024\/09\/Sin-titulo-2-300x254.png 300w\" sizes=\"(max-width: 587px) 100vw, 587px\" \/>\t\t\t\t\t\t\t\t<\/a>\n\t\t\t\t\t\t\t\t\t\t\t\t\t\t\t<\/div>\n\t\t\t\t<\/div>\n\t\t\t\t<div class=\"elementor-element elementor-element-535c0de elementor-widget elementor-widget-heading\" data-id=\"535c0de\" data-element_type=\"widget\" data-e-type=\"widget\" data-widget_type=\"heading.default\">\n\t\t\t\t<div class=\"elementor-widget-container\">\n\t\t\t\t\t<h2 class=\"elementor-heading-title elementor-size-default\">El Periodico de Arag\u00f3n<\/h2>\t\t\t\t<\/div>\n\t\t\t\t<\/div>\n\t\t\t\t<div class=\"elementor-element elementor-element-4138509 elementor-widget elementor-widget-heading\" data-id=\"4138509\" data-element_type=\"widget\" data-e-type=\"widget\" data-widget_type=\"heading.default\">\n\t\t\t\t<div class=\"elementor-widget-container\">\n\t\t\t\t\t<h2 class=\"elementor-heading-title elementor-size-default\">Baldinu crea un cuento po\u00e9tico y participativo para reflexionar sobre el uso del agua<\/h2>\t\t\t\t<\/div>\n\t\t\t\t<\/div>\n\t\t\t\t<\/div>\n\t\t<div class=\"elementor-element elementor-element-f39e501 e-con-full e-flex e-con e-child\" data-id=\"f39e501\" data-element_type=\"container\" data-e-type=\"container\">\n\t\t\t\t<div class=\"elementor-element elementor-element-c61e596 elementor-widget elementor-widget-image\" data-id=\"c61e596\" data-element_type=\"widget\" data-e-type=\"widget\" data-widget_type=\"image.default\">\n\t\t\t\t<div class=\"elementor-widget-container\">\n\t\t\t\t\t\t\t\t\t\t\t\t\t\t\t\t<a href=\"https:\/\/www.lanacion.com.ar\/espectaculos\/en-el-mundo-nid1044891\/\" target=\"_blank\">\n\t\t\t\t\t\t\t<img decoding=\"async\" width=\"587\" height=\"497\" src=\"https:\/\/pichonbaldinu.com\/wp-content\/uploads\/2024\/09\/Sin-titulo-3.png\" class=\"attachment-large size-large wp-image-1689\" alt=\"\" srcset=\"https:\/\/pichonbaldinu.com\/wp-content\/uploads\/2024\/09\/Sin-titulo-3.png 587w, https:\/\/pichonbaldinu.com\/wp-content\/uploads\/2024\/09\/Sin-titulo-3-300x254.png 300w\" sizes=\"(max-width: 587px) 100vw, 587px\" \/>\t\t\t\t\t\t\t\t<\/a>\n\t\t\t\t\t\t\t\t\t\t\t\t\t\t\t<\/div>\n\t\t\t\t<\/div>\n\t\t\t\t<div class=\"elementor-element elementor-element-6bd1c8b elementor-widget elementor-widget-heading\" data-id=\"6bd1c8b\" data-element_type=\"widget\" data-e-type=\"widget\" data-widget_type=\"heading.default\">\n\t\t\t\t<div class=\"elementor-widget-container\">\n\t\t\t\t\t<h2 class=\"elementor-heading-title elementor-size-default\">LA NACI\u00d3N<\/h2>\t\t\t\t<\/div>\n\t\t\t\t<\/div>\n\t\t\t\t<div class=\"elementor-element elementor-element-45bd17d elementor-widget elementor-widget-heading\" data-id=\"45bd17d\" data-element_type=\"widget\" data-e-type=\"widget\" data-widget_type=\"heading.default\">\n\t\t\t\t<div class=\"elementor-widget-container\">\n\t\t\t\t\t<h2 class=\"elementor-heading-title elementor-size-default\">En el mundo<\/h2>\t\t\t\t<\/div>\n\t\t\t\t<\/div>\n\t\t\t\t<\/div>\n\t\t<div class=\"elementor-element elementor-element-f55d775 e-con-full e-flex e-con e-child\" data-id=\"f55d775\" data-element_type=\"container\" data-e-type=\"container\">\n\t\t\t\t<div class=\"elementor-element elementor-element-02416cf elementor-widget elementor-widget-image\" data-id=\"02416cf\" data-element_type=\"widget\" data-e-type=\"widget\" data-widget_type=\"image.default\">\n\t\t\t\t<div class=\"elementor-widget-container\">\n\t\t\t\t\t\t\t\t\t\t\t\t\t\t\t\t<a href=\"https:\/\/www.infobae.com\/2008\/10\/19\/410010-pichon-baldinu-presenta-su-nuevo-desafio\/\" target=\"_blank\">\n\t\t\t\t\t\t\t<img loading=\"lazy\" decoding=\"async\" width=\"587\" height=\"497\" src=\"https:\/\/pichonbaldinu.com\/wp-content\/uploads\/2024\/09\/Sin-titulo-4.png\" class=\"attachment-large size-large wp-image-1690\" alt=\"\" srcset=\"https:\/\/pichonbaldinu.com\/wp-content\/uploads\/2024\/09\/Sin-titulo-4.png 587w, https:\/\/pichonbaldinu.com\/wp-content\/uploads\/2024\/09\/Sin-titulo-4-300x254.png 300w\" sizes=\"(max-width: 587px) 100vw, 587px\" \/>\t\t\t\t\t\t\t\t<\/a>\n\t\t\t\t\t\t\t\t\t\t\t\t\t\t\t<\/div>\n\t\t\t\t<\/div>\n\t\t\t\t<div class=\"elementor-element elementor-element-4000c36 elementor-widget elementor-widget-heading\" data-id=\"4000c36\" data-element_type=\"widget\" data-e-type=\"widget\" data-widget_type=\"heading.default\">\n\t\t\t\t<div class=\"elementor-widget-container\">\n\t\t\t\t\t<h2 class=\"elementor-heading-title elementor-size-default\">INFOBAE<\/h2>\t\t\t\t<\/div>\n\t\t\t\t<\/div>\n\t\t\t\t<div class=\"elementor-element elementor-element-eea3475 elementor-widget elementor-widget-heading\" data-id=\"eea3475\" data-element_type=\"widget\" data-e-type=\"widget\" data-widget_type=\"heading.default\">\n\t\t\t\t<div class=\"elementor-widget-container\">\n\t\t\t\t\t<h2 class=\"elementor-heading-title elementor-size-default\">Pich\u00f3n Baldinu presenta su nuevo desaf\u00edo<\/h2>\t\t\t\t<\/div>\n\t\t\t\t<\/div>\n\t\t\t\t<\/div>\n\t\t<div class=\"elementor-element elementor-element-25a55ef e-con-full e-flex e-con e-child\" data-id=\"25a55ef\" data-element_type=\"container\" data-e-type=\"container\">\n\t\t\t\t<div class=\"elementor-element elementor-element-58d2c77 elementor-widget elementor-widget-image\" data-id=\"58d2c77\" data-element_type=\"widget\" data-e-type=\"widget\" data-widget_type=\"image.default\">\n\t\t\t\t<div class=\"elementor-widget-container\">\n\t\t\t\t\t\t\t\t\t\t\t\t\t\t\t\t<a href=\"https:\/\/www.revistacabal.coop\/entrevistas\/entrevista-pichon-baldinu\" target=\"_blank\">\n\t\t\t\t\t\t\t<img loading=\"lazy\" decoding=\"async\" width=\"587\" height=\"497\" src=\"https:\/\/pichonbaldinu.com\/wp-content\/uploads\/2024\/09\/Sin-titulo-5.png\" class=\"attachment-large size-large wp-image-1691\" alt=\"\" srcset=\"https:\/\/pichonbaldinu.com\/wp-content\/uploads\/2024\/09\/Sin-titulo-5.png 587w, https:\/\/pichonbaldinu.com\/wp-content\/uploads\/2024\/09\/Sin-titulo-5-300x254.png 300w\" sizes=\"(max-width: 587px) 100vw, 587px\" \/>\t\t\t\t\t\t\t\t<\/a>\n\t\t\t\t\t\t\t\t\t\t\t\t\t\t\t<\/div>\n\t\t\t\t<\/div>\n\t\t\t\t<div class=\"elementor-element elementor-element-6f73dc2 elementor-widget elementor-widget-heading\" data-id=\"6f73dc2\" data-element_type=\"widget\" data-e-type=\"widget\" data-widget_type=\"heading.default\">\n\t\t\t\t<div class=\"elementor-widget-container\">\n\t\t\t\t\t<h2 class=\"elementor-heading-title elementor-size-default\">revista cabal<\/h2>\t\t\t\t<\/div>\n\t\t\t\t<\/div>\n\t\t\t\t<div class=\"elementor-element elementor-element-881d057 elementor-widget elementor-widget-heading\" data-id=\"881d057\" data-element_type=\"widget\" data-e-type=\"widget\" data-widget_type=\"heading.default\">\n\t\t\t\t<div class=\"elementor-widget-container\">\n\t\t\t\t\t<h2 class=\"elementor-heading-title elementor-size-default\">Entrevista a Pich\u00f3n Baldinu<\/h2>\t\t\t\t<\/div>\n\t\t\t\t<\/div>\n\t\t\t\t<\/div>\n\t\t<div class=\"elementor-element elementor-element-5765eeb e-con-full e-flex e-con e-child\" data-id=\"5765eeb\" data-element_type=\"container\" data-e-type=\"container\">\n\t\t\t\t<div class=\"elementor-element elementor-element-bb7a5d5 elementor-widget elementor-widget-image\" data-id=\"bb7a5d5\" data-element_type=\"widget\" data-e-type=\"widget\" data-widget_type=\"image.default\">\n\t\t\t\t<div class=\"elementor-widget-container\">\n\t\t\t\t\t\t\t\t\t\t\t\t\t\t\t\t<a href=\"https:\/\/noticias.perfil.com\/noticias\/personajes\/2019-06-06-pichon-baldinu-me-gusta-construir-mi-propia-realidad.phtml\" target=\"_blank\">\n\t\t\t\t\t\t\t<img loading=\"lazy\" decoding=\"async\" width=\"587\" height=\"497\" src=\"https:\/\/pichonbaldinu.com\/wp-content\/uploads\/2024\/09\/Sin-titulo-6.png\" class=\"attachment-large size-large wp-image-1692\" alt=\"\" srcset=\"https:\/\/pichonbaldinu.com\/wp-content\/uploads\/2024\/09\/Sin-titulo-6.png 587w, https:\/\/pichonbaldinu.com\/wp-content\/uploads\/2024\/09\/Sin-titulo-6-300x254.png 300w\" sizes=\"(max-width: 587px) 100vw, 587px\" \/>\t\t\t\t\t\t\t\t<\/a>\n\t\t\t\t\t\t\t\t\t\t\t\t\t\t\t<\/div>\n\t\t\t\t<\/div>\n\t\t\t\t<div class=\"elementor-element elementor-element-1bebe1e elementor-widget elementor-widget-heading\" data-id=\"1bebe1e\" data-element_type=\"widget\" data-e-type=\"widget\" data-widget_type=\"heading.default\">\n\t\t\t\t<div class=\"elementor-widget-container\">\n\t\t\t\t\t<h2 class=\"elementor-heading-title elementor-size-default\">revista noticias<\/h2>\t\t\t\t<\/div>\n\t\t\t\t<\/div>\n\t\t\t\t<div class=\"elementor-element elementor-element-153b656 elementor-widget elementor-widget-heading\" data-id=\"153b656\" data-element_type=\"widget\" data-e-type=\"widget\" data-widget_type=\"heading.default\">\n\t\t\t\t<div class=\"elementor-widget-container\">\n\t\t\t\t\t<h2 class=\"elementor-heading-title elementor-size-default\">Pich\u00f3n Baldinu \u201c Me gusta construir mi propia realidad\u201d.<\/h2>\t\t\t\t<\/div>\n\t\t\t\t<\/div>\n\t\t\t\t<\/div>\n\t\t<div class=\"elementor-element elementor-element-fc500c6 e-con-full e-flex e-con e-child\" data-id=\"fc500c6\" data-element_type=\"container\" data-e-type=\"container\">\n\t\t\t\t<div class=\"elementor-element elementor-element-d621e92 elementor-widget elementor-widget-image\" data-id=\"d621e92\" data-element_type=\"widget\" data-e-type=\"widget\" data-widget_type=\"image.default\">\n\t\t\t\t<div class=\"elementor-widget-container\">\n\t\t\t\t\t\t\t\t\t\t\t\t\t\t\t\t<a href=\"https:\/\/www.clarin.com\/espectaculos\/teatro\/pichon-baldinu-conquista-popular-hombre-vertiente_0_e3QVYB3QJ.html?srsltid=AfmBOopvzrq0PByHwvWV-CJ7bMVrnoRpigiFsDM7AX8WIrmaborxsDPT\" target=\"_blank\">\n\t\t\t\t\t\t\t<img loading=\"lazy\" decoding=\"async\" width=\"587\" height=\"497\" src=\"https:\/\/pichonbaldinu.com\/wp-content\/uploads\/2024\/09\/Sin-titulo-8.png\" class=\"attachment-large size-large wp-image-1693\" alt=\"\" srcset=\"https:\/\/pichonbaldinu.com\/wp-content\/uploads\/2024\/09\/Sin-titulo-8.png 587w, https:\/\/pichonbaldinu.com\/wp-content\/uploads\/2024\/09\/Sin-titulo-8-300x254.png 300w\" sizes=\"(max-width: 587px) 100vw, 587px\" \/>\t\t\t\t\t\t\t\t<\/a>\n\t\t\t\t\t\t\t\t\t\t\t\t\t\t\t<\/div>\n\t\t\t\t<\/div>\n\t\t\t\t<div class=\"elementor-element elementor-element-9a94b36 elementor-widget elementor-widget-heading\" data-id=\"9a94b36\" data-element_type=\"widget\" data-e-type=\"widget\" data-widget_type=\"heading.default\">\n\t\t\t\t<div class=\"elementor-widget-container\">\n\t\t\t\t\t<h2 class=\"elementor-heading-title elementor-size-default\">clar\u00edn<\/h2>\t\t\t\t<\/div>\n\t\t\t\t<\/div>\n\t\t\t\t<div class=\"elementor-element elementor-element-50da703 elementor-widget elementor-widget-heading\" data-id=\"50da703\" data-element_type=\"widget\" data-e-type=\"widget\" data-widget_type=\"heading.default\">\n\t\t\t\t<div class=\"elementor-widget-container\">\n\t\t\t\t\t<h2 class=\"elementor-heading-title elementor-size-default\">Pich\u00f3n Baldinu y la conquista popular de su \u201cHombre Vertiente\u201d<\/h2>\t\t\t\t<\/div>\n\t\t\t\t<\/div>\n\t\t\t\t<\/div>\n\t\t<div class=\"elementor-element elementor-element-4c0e4e4 e-con-full e-flex e-con e-child\" data-id=\"4c0e4e4\" data-element_type=\"container\" data-e-type=\"container\">\n\t\t\t\t<div class=\"elementor-element elementor-element-7ee4eb6 elementor-widget elementor-widget-image\" data-id=\"7ee4eb6\" data-element_type=\"widget\" data-e-type=\"widget\" data-widget_type=\"image.default\">\n\t\t\t\t<div class=\"elementor-widget-container\">\n\t\t\t\t\t\t\t\t\t\t\t\t\t\t\t\t<a href=\"https:\/\/www.laprensafederal.com.ar\/buenos-aires-celebrara-40-anos-de-democracia-con-una-propuesta-cultural\/\" target=\"_blank\">\n\t\t\t\t\t\t\t<img loading=\"lazy\" decoding=\"async\" width=\"587\" height=\"497\" src=\"https:\/\/pichonbaldinu.com\/wp-content\/uploads\/2024\/09\/Sin-titulo-9.png\" class=\"attachment-large size-large wp-image-1694\" alt=\"\" srcset=\"https:\/\/pichonbaldinu.com\/wp-content\/uploads\/2024\/09\/Sin-titulo-9.png 587w, https:\/\/pichonbaldinu.com\/wp-content\/uploads\/2024\/09\/Sin-titulo-9-300x254.png 300w\" sizes=\"(max-width: 587px) 100vw, 587px\" \/>\t\t\t\t\t\t\t\t<\/a>\n\t\t\t\t\t\t\t\t\t\t\t\t\t\t\t<\/div>\n\t\t\t\t<\/div>\n\t\t\t\t<div class=\"elementor-element elementor-element-67e428a elementor-widget elementor-widget-heading\" data-id=\"67e428a\" data-element_type=\"widget\" data-e-type=\"widget\" data-widget_type=\"heading.default\">\n\t\t\t\t<div class=\"elementor-widget-container\">\n\t\t\t\t\t<h2 class=\"elementor-heading-title elementor-size-default\">la prensa federal<\/h2>\t\t\t\t<\/div>\n\t\t\t\t<\/div>\n\t\t\t\t<div class=\"elementor-element elementor-element-feb519c elementor-widget elementor-widget-heading\" data-id=\"feb519c\" data-element_type=\"widget\" data-e-type=\"widget\" data-widget_type=\"heading.default\">\n\t\t\t\t<div class=\"elementor-widget-container\">\n\t\t\t\t\t<h2 class=\"elementor-heading-title elementor-size-default\">Buenos Aires celebrar\u00e1 40 a\u00f1os de democracia con un apropuesta cultural<\/h2>\t\t\t\t<\/div>\n\t\t\t\t<\/div>\n\t\t\t\t<\/div>\n\t\t<div class=\"elementor-element elementor-element-83446e2 e-con-full e-flex e-con e-child\" data-id=\"83446e2\" data-element_type=\"container\" data-e-type=\"container\">\n\t\t\t\t<div class=\"elementor-element elementor-element-f91e053 elementor-widget elementor-widget-image\" data-id=\"f91e053\" data-element_type=\"widget\" data-e-type=\"widget\" data-widget_type=\"image.default\">\n\t\t\t\t<div class=\"elementor-widget-container\">\n\t\t\t\t\t\t\t\t\t\t\t\t\t\t\t\t<a href=\"https:\/\/www.lanacion.com.ar\/espectaculos\/teatro\/ricky-pashkus-y-pichon-baldinu-anticipan-como-sera-el-espectaculo-que-celebra-cuatro-decadas-de-nid08072023\/\" target=\"_blank\">\n\t\t\t\t\t\t\t<img loading=\"lazy\" decoding=\"async\" width=\"587\" height=\"497\" src=\"https:\/\/pichonbaldinu.com\/wp-content\/uploads\/2024\/09\/pichon.png\" class=\"attachment-large size-large wp-image-1695\" alt=\"\" srcset=\"https:\/\/pichonbaldinu.com\/wp-content\/uploads\/2024\/09\/pichon.png 587w, https:\/\/pichonbaldinu.com\/wp-content\/uploads\/2024\/09\/pichon-300x254.png 300w\" sizes=\"(max-width: 587px) 100vw, 587px\" \/>\t\t\t\t\t\t\t\t<\/a>\n\t\t\t\t\t\t\t\t\t\t\t\t\t\t\t<\/div>\n\t\t\t\t<\/div>\n\t\t\t\t<div class=\"elementor-element elementor-element-7ca4ce0 elementor-widget elementor-widget-heading\" data-id=\"7ca4ce0\" data-element_type=\"widget\" data-e-type=\"widget\" data-widget_type=\"heading.default\">\n\t\t\t\t<div class=\"elementor-widget-container\">\n\t\t\t\t\t<h2 class=\"elementor-heading-title elementor-size-default\">LA NACI\u00d3N<\/h2>\t\t\t\t<\/div>\n\t\t\t\t<\/div>\n\t\t\t\t<div class=\"elementor-element elementor-element-0b0e1b1 elementor-widget elementor-widget-heading\" data-id=\"0b0e1b1\" data-element_type=\"widget\" data-e-type=\"widget\" data-widget_type=\"heading.default\">\n\t\t\t\t<div class=\"elementor-widget-container\">\n\t\t\t\t\t<h2 class=\"elementor-heading-title elementor-size-default\">Ricky Pashkus y Pich\u00f3n Baldinu anticipan c\u00f3mo ser\u00e1 el espect\u00e1culo que celebra cuatro d\u00e9cadas de democracia en Plaza de Mayo<\/h2>\t\t\t\t<\/div>\n\t\t\t\t<\/div>\n\t\t\t\t<\/div>\n\t\t\t\t<\/div>\n\t\t\t\t<\/div>\n\t\t","protected":false},"excerpt":{"rendered":"<p>PRESS CLAR\u00cdN El tipo que vuela aunque sea Pich\u00f3n El Periodico de Arag\u00f3n Baldinu crea un cuento po\u00e9tico y participativo [&hellip;]<\/p>\n","protected":false},"author":1,"featured_media":0,"parent":0,"menu_order":0,"comment_status":"closed","ping_status":"closed","template":"","meta":{"site-sidebar-layout":"no-sidebar","site-content-layout":"","ast-site-content-layout":"full-width-container","site-content-style":"default","site-sidebar-style":"default","ast-global-header-display":"","ast-banner-title-visibility":"","ast-main-header-display":"","ast-hfb-above-header-display":"","ast-hfb-below-header-display":"","ast-hfb-mobile-header-display":"","site-post-title":"disabled","ast-breadcrumbs-content":"","ast-featured-img":"disabled","footer-sml-layout":"","ast-disable-related-posts":"","theme-transparent-header-meta":"","adv-header-id-meta":"","stick-header-meta":"","header-above-stick-meta":"","header-main-stick-meta":"","header-below-stick-meta":"","astra-migrate-meta-layouts":"default","ast-page-background-enabled":"default","ast-page-background-meta":{"desktop":{"background-color":"var(--ast-global-color-4)","background-image":"","background-repeat":"repeat","background-position":"center center","background-size":"auto","background-attachment":"scroll","background-type":"","background-media":"","overlay-type":"","overlay-color":"","overlay-opacity":"","overlay-gradient":""},"tablet":{"background-color":"","background-image":"","background-repeat":"repeat","background-position":"center center","background-size":"auto","background-attachment":"scroll","background-type":"","background-media":"","overlay-type":"","overlay-color":"","overlay-opacity":"","overlay-gradient":""},"mobile":{"background-color":"","background-image":"","background-repeat":"repeat","background-position":"center center","background-size":"auto","background-attachment":"scroll","background-type":"","background-media":"","overlay-type":"","overlay-color":"","overlay-opacity":"","overlay-gradient":""}},"ast-content-background-meta":{"desktop":{"background-color":"var(--ast-global-color-5)","background-image":"","background-repeat":"repeat","background-position":"center center","background-size":"auto","background-attachment":"scroll","background-type":"","background-media":"","overlay-type":"","overlay-color":"","overlay-opacity":"","overlay-gradient":""},"tablet":{"background-color":"var(--ast-global-color-5)","background-image":"","background-repeat":"repeat","background-position":"center center","background-size":"auto","background-attachment":"scroll","background-type":"","background-media":"","overlay-type":"","overlay-color":"","overlay-opacity":"","overlay-gradient":""},"mobile":{"background-color":"var(--ast-global-color-5)","background-image":"","background-repeat":"repeat","background-position":"center center","background-size":"auto","background-attachment":"scroll","background-type":"","background-media":"","overlay-type":"","overlay-color":"","overlay-opacity":"","overlay-gradient":""}},"footnotes":""},"class_list":["post-2225","page","type-page","status-publish","hentry"],"_links":{"self":[{"href":"https:\/\/pichonbaldinu.com\/en\/wp-json\/wp\/v2\/pages\/2225","targetHints":{"allow":["GET"]}}],"collection":[{"href":"https:\/\/pichonbaldinu.com\/en\/wp-json\/wp\/v2\/pages"}],"about":[{"href":"https:\/\/pichonbaldinu.com\/en\/wp-json\/wp\/v2\/types\/page"}],"author":[{"embeddable":true,"href":"https:\/\/pichonbaldinu.com\/en\/wp-json\/wp\/v2\/users\/1"}],"replies":[{"embeddable":true,"href":"https:\/\/pichonbaldinu.com\/en\/wp-json\/wp\/v2\/comments?post=2225"}],"version-history":[{"count":3,"href":"https:\/\/pichonbaldinu.com\/en\/wp-json\/wp\/v2\/pages\/2225\/revisions"}],"predecessor-version":[{"id":2230,"href":"https:\/\/pichonbaldinu.com\/en\/wp-json\/wp\/v2\/pages\/2225\/revisions\/2230"}],"wp:attachment":[{"href":"https:\/\/pichonbaldinu.com\/en\/wp-json\/wp\/v2\/media?parent=2225"}],"curies":[{"name":"wp","href":"https:\/\/api.w.org\/{rel}","templated":true}]}}