{"id":2251,"date":"2024-08-30T18:56:28","date_gmt":"2024-08-30T18:56:28","guid":{"rendered":"https:\/\/pichonbaldinu.com\/project-almas-examinadas\/"},"modified":"2024-10-30T19:10:04","modified_gmt":"2024-10-30T19:10:04","slug":"project-almas-examinadas","status":"publish","type":"page","link":"https:\/\/pichonbaldinu.com\/en\/project-almas-examinadas\/","title":{"rendered":"Project &#8211; Almas Examinadas"},"content":{"rendered":"\t\t<div data-elementor-type=\"wp-page\" data-elementor-id=\"2251\" class=\"elementor elementor-2251 elementor-1516\" data-elementor-post-type=\"page\">\n\t\t\t\t<div class=\"elementor-element elementor-element-fa8ef31 e-con-full e-flex e-con e-parent\" data-id=\"fa8ef31\" data-element_type=\"container\" data-e-type=\"container\" data-settings=\"{&quot;background_background&quot;:&quot;video&quot;,&quot;background_video_link&quot;:&quot;https:\\\/\\\/pichonbaldinu.com\\\/wp-content\\\/uploads\\\/2024\\\/08\\\/ALMAS-EXAMINADAS_DESKTOP_HEADER.mp4&quot;,&quot;background_play_on_mobile&quot;:&quot;yes&quot;}\">\n\t\t<div class=\"elementor-background-video-container\">\n\t\t\t\t\t\t\t<video class=\"elementor-background-video-hosted\" role=\"presentation\" autoplay muted playsinline loop><\/video>\n\t\t\t\t\t<\/div>\t\t<\/div>\n\t\t<div class=\"elementor-element elementor-element-5fc1e61 e-con-full e-flex e-con e-parent\" data-id=\"5fc1e61\" data-element_type=\"container\" data-e-type=\"container\" data-settings=\"{&quot;background_background&quot;:&quot;classic&quot;}\">\n\t\t<div class=\"elementor-element elementor-element-0379af6 e-con-full e-flex e-con e-child\" data-id=\"0379af6\" data-element_type=\"container\" data-e-type=\"container\" data-settings=\"{&quot;background_background&quot;:&quot;classic&quot;}\">\n\t\t\t\t<div class=\"elementor-element elementor-element-17cd8c1 elementor-widget elementor-widget-heading\" data-id=\"17cd8c1\" data-element_type=\"widget\" data-e-type=\"widget\" data-widget_type=\"heading.default\">\n\t\t\t\t<div class=\"elementor-widget-container\">\n\t\t\t\t\t<h2 class=\"elementor-heading-title elementor-size-default\">Almas Examinadas<\/h2>\t\t\t\t<\/div>\n\t\t\t\t<\/div>\n\t\t\t\t<\/div>\n\t\t\t\t<\/div>\n\t\t<div class=\"elementor-element elementor-element-b2c6771 e-con-full e-flex e-con e-parent\" data-id=\"b2c6771\" data-element_type=\"container\" data-e-type=\"container\" data-settings=\"{&quot;background_background&quot;:&quot;classic&quot;}\">\n\t\t<div class=\"elementor-element elementor-element-633363a e-con-full e-flex e-con e-child\" data-id=\"633363a\" data-element_type=\"container\" data-e-type=\"container\">\n\t\t\t\t<div class=\"elementor-element elementor-element-41c9fa4 elementor-view-default elementor-invisible elementor-widget elementor-widget-icon\" data-id=\"41c9fa4\" data-element_type=\"widget\" data-e-type=\"widget\" data-settings=\"{&quot;_animation&quot;:&quot;slideInLeft&quot;}\" data-widget_type=\"icon.default\">\n\t\t\t\t<div class=\"elementor-widget-container\">\n\t\t\t\t\t\t\t<div class=\"elementor-icon-wrapper\">\n\t\t\t<div class=\"elementor-icon\">\n\t\t\t<svg xmlns=\"http:\/\/www.w3.org\/2000\/svg\" width=\"409\" height=\"31\" viewBox=\"0 0 409 31\" fill=\"none\"><path d=\"M407.914 16.9142C408.695 16.1332 408.695 14.8668 407.914 14.0858L395.186 1.35786C394.405 0.576816 393.139 0.576816 392.358 1.35786C391.577 2.13891 391.577 3.40524 392.358 4.18629L403.672 15.5L392.358 26.8137C391.577 27.5948 391.577 28.8611 392.358 29.6421C393.139 30.4232 394.405 30.4232 395.186 29.6421L407.914 16.9142ZM0.5 17.5H406.5V13.5H0.5V17.5Z\" fill=\"white\"><\/path><\/svg>\t\t\t<\/div>\n\t\t<\/div>\n\t\t\t\t\t\t<\/div>\n\t\t\t\t<\/div>\n\t\t\t\t<\/div>\n\t\t<div class=\"elementor-element elementor-element-7c78e49 e-con-full e-flex e-con e-child\" data-id=\"7c78e49\" data-element_type=\"container\" data-e-type=\"container\">\n\t\t\t\t<div class=\"elementor-element elementor-element-f858b7b elementor-widget elementor-widget-text-editor\" data-id=\"f858b7b\" data-element_type=\"widget\" data-e-type=\"widget\" data-settings=\"{&quot;_animation&quot;:&quot;none&quot;}\" data-widget_type=\"text-editor.default\">\n\t\t\t\t<div class=\"elementor-widget-container\">\n\t\t\t\t\t\t\t\t\t<p style=\"color: #8513ff;\"><b>Creative Director and Performer<br \/><\/b><\/p>\n<p><b>In 1992, Baldinu<\/b><span style=\"font-weight: 400;\"> directed and performed in<\/span><b> \u201cAlmas Examinadas\u201d<\/b><span style=\"font-weight: 400;\">, a production created by La Organizaci\u00f3n Negra. The show captivated audiences from its debut at the Sala Casacuberta of <\/span><b> Teatro General San Mart\u00edn.<\/b><span style=\"font-weight: 400;\">. Este innovador d\u00edptico, que mezcla drama y emoci\u00f3n, realiz\u00f3 una destacada gira europea que incluy\u00f3 paradas en ciudades como   <\/span><b>Copenhagen, Cologne, Bremen, and Hamburg.<br \/> <\/b><\/p>\n<p><b>La Organizaci\u00f3n Negra<\/b><span style=\"font-weight: 400;\">co-founded and directed by Pich\u00f3n Baldinu with a group of artists, pioneered street theater with a daring approach that reflected the era\u2019s distortions. Known for its urban performances that emerged from the avant-garde, punk spirit, and the urban environment of the 1980s, the company left a significant mark on the theatrical landscape.<br \/>  <\/span><\/p>\n<p><b>1992: <\/b><span style=\"font-weight: 400;\">Almas Examinadas at Teatro General San Mart\u00edn.<\/span><\/p>\n\t\t\t\t\t\t\t\t<\/div>\n\t\t\t\t<\/div>\n\t\t\t\t<\/div>\n\t\t\t\t<\/div>\n\t\t<div class=\"elementor-element elementor-element-0aaea4e e-con-full e-flex elementor-invisible e-con e-parent\" data-id=\"0aaea4e\" data-element_type=\"container\" data-e-type=\"container\" data-settings=\"{&quot;background_background&quot;:&quot;classic&quot;,&quot;animation&quot;:&quot;fadeIn&quot;}\">\n\t\t<div class=\"elementor-element elementor-element-dc552bd e-con-full e-flex e-con e-child\" data-id=\"dc552bd\" data-element_type=\"container\" data-e-type=\"container\" data-settings=\"{&quot;background_background&quot;:&quot;classic&quot;}\">\n\t\t\t\t<\/div>\n\t\t<div class=\"elementor-element elementor-element-a8086b1 e-con-full e-flex e-con e-child\" data-id=\"a8086b1\" data-element_type=\"container\" data-e-type=\"container\" data-settings=\"{&quot;background_background&quot;:&quot;classic&quot;}\">\n\t\t\t\t<\/div>\n\t\t\t\t<\/div>\n\t\t<div class=\"elementor-element elementor-element-8b705ec e-con-full e-flex e-con e-parent\" data-id=\"8b705ec\" data-element_type=\"container\" data-e-type=\"container\" data-settings=\"{&quot;background_background&quot;:&quot;classic&quot;}\">\n\t\t<div class=\"elementor-element elementor-element-0283cb4 e-con-full e-flex e-con e-child\" data-id=\"0283cb4\" data-element_type=\"container\" data-e-type=\"container\" data-settings=\"{&quot;background_background&quot;:&quot;classic&quot;}\">\n\t\t\t\t<\/div>\n\t\t<div class=\"elementor-element elementor-element-2dfce95 e-con-full e-flex e-con e-child\" data-id=\"2dfce95\" data-element_type=\"container\" data-e-type=\"container\" data-settings=\"{&quot;background_background&quot;:&quot;classic&quot;}\">\n\t\t\t\t<\/div>\n\t\t<div class=\"elementor-element elementor-element-e3e6c5a e-con-full e-flex e-con e-child\" data-id=\"e3e6c5a\" data-element_type=\"container\" data-e-type=\"container\" data-settings=\"{&quot;background_background&quot;:&quot;classic&quot;}\">\n\t\t\t\t<\/div>\n\t\t\t\t<\/div>\n\t\t<div class=\"elementor-element elementor-element-c9f156f e-con-full e-flex e-con e-parent\" data-id=\"c9f156f\" data-element_type=\"container\" data-e-type=\"container\" data-settings=\"{&quot;background_background&quot;:&quot;classic&quot;}\">\n\t\t<div class=\"elementor-element elementor-element-ec7da0d e-con-full e-flex e-con e-child\" data-id=\"ec7da0d\" data-element_type=\"container\" data-e-type=\"container\" data-settings=\"{&quot;background_background&quot;:&quot;classic&quot;}\">\n\t\t\t\t<\/div>\n\t\t<div class=\"elementor-element elementor-element-fa48262 e-con-full e-flex e-con e-child\" data-id=\"fa48262\" data-element_type=\"container\" data-e-type=\"container\" data-settings=\"{&quot;background_background&quot;:&quot;classic&quot;}\">\n\t\t\t\t<\/div>\n\t\t\t\t<\/div>\n\t\t\t\t<\/div>\n\t\t","protected":false},"excerpt":{"rendered":"<p>Almas Examinadas Creative Director and Performer In 1992, Baldinu directed and performed in \u201cAlmas Examinadas\u201d, a production created by La [&hellip;]<\/p>\n","protected":false},"author":1,"featured_media":0,"parent":0,"menu_order":0,"comment_status":"closed","ping_status":"closed","template":"","meta":{"site-sidebar-layout":"no-sidebar","site-content-layout":"","ast-site-content-layout":"full-width-container","site-content-style":"default","site-sidebar-style":"default","ast-global-header-display":"","ast-banner-title-visibility":"","ast-main-header-display":"","ast-hfb-above-header-display":"","ast-hfb-below-header-display":"","ast-hfb-mobile-header-display":"","site-post-title":"disabled","ast-breadcrumbs-content":"","ast-featured-img":"disabled","footer-sml-layout":"","ast-disable-related-posts":"","theme-transparent-header-meta":"","adv-header-id-meta":"","stick-header-meta":"","header-above-stick-meta":"","header-main-stick-meta":"","header-below-stick-meta":"","astra-migrate-meta-layouts":"default","ast-page-background-enabled":"default","ast-page-background-meta":{"desktop":{"background-color":"var(--ast-global-color-4)","background-image":"","background-repeat":"repeat","background-position":"center center","background-size":"auto","background-attachment":"scroll","background-type":"","background-media":"","overlay-type":"","overlay-color":"","overlay-opacity":"","overlay-gradient":""},"tablet":{"background-color":"","background-image":"","background-repeat":"repeat","background-position":"center center","background-size":"auto","background-attachment":"scroll","background-type":"","background-media":"","overlay-type":"","overlay-color":"","overlay-opacity":"","overlay-gradient":""},"mobile":{"background-color":"","background-image":"","background-repeat":"repeat","background-position":"center center","background-size":"auto","background-attachment":"scroll","background-type":"","background-media":"","overlay-type":"","overlay-color":"","overlay-opacity":"","overlay-gradient":""}},"ast-content-background-meta":{"desktop":{"background-color":"var(--ast-global-color-5)","background-image":"","background-repeat":"repeat","background-position":"center center","background-size":"auto","background-attachment":"scroll","background-type":"","background-media":"","overlay-type":"","overlay-color":"","overlay-opacity":"","overlay-gradient":""},"tablet":{"background-color":"var(--ast-global-color-5)","background-image":"","background-repeat":"repeat","background-position":"center center","background-size":"auto","background-attachment":"scroll","background-type":"","background-media":"","overlay-type":"","overlay-color":"","overlay-opacity":"","overlay-gradient":""},"mobile":{"background-color":"var(--ast-global-color-5)","background-image":"","background-repeat":"repeat","background-position":"center center","background-size":"auto","background-attachment":"scroll","background-type":"","background-media":"","overlay-type":"","overlay-color":"","overlay-opacity":"","overlay-gradient":""}},"footnotes":""},"class_list":["post-2251","page","type-page","status-publish","hentry"],"_links":{"self":[{"href":"https:\/\/pichonbaldinu.com\/en\/wp-json\/wp\/v2\/pages\/2251","targetHints":{"allow":["GET"]}}],"collection":[{"href":"https:\/\/pichonbaldinu.com\/en\/wp-json\/wp\/v2\/pages"}],"about":[{"href":"https:\/\/pichonbaldinu.com\/en\/wp-json\/wp\/v2\/types\/page"}],"author":[{"embeddable":true,"href":"https:\/\/pichonbaldinu.com\/en\/wp-json\/wp\/v2\/users\/1"}],"replies":[{"embeddable":true,"href":"https:\/\/pichonbaldinu.com\/en\/wp-json\/wp\/v2\/comments?post=2251"}],"version-history":[{"count":3,"href":"https:\/\/pichonbaldinu.com\/en\/wp-json\/wp\/v2\/pages\/2251\/revisions"}],"predecessor-version":[{"id":2279,"href":"https:\/\/pichonbaldinu.com\/en\/wp-json\/wp\/v2\/pages\/2251\/revisions\/2279"}],"wp:attachment":[{"href":"https:\/\/pichonbaldinu.com\/en\/wp-json\/wp\/v2\/media?parent=2251"}],"curies":[{"name":"wp","href":"https:\/\/api.w.org\/{rel}","templated":true}]}}