{"id":2255,"date":"2024-08-30T20:22:25","date_gmt":"2024-08-30T20:22:25","guid":{"rendered":"https:\/\/pichonbaldinu.com\/project-hombre-vertiente\/"},"modified":"2024-10-30T18:08:16","modified_gmt":"2024-10-30T18:08:16","slug":"project-hombre-vertiente","status":"publish","type":"page","link":"https:\/\/pichonbaldinu.com\/en\/project-hombre-vertiente\/","title":{"rendered":"Project &#8211; Hombre Vertiente"},"content":{"rendered":"\t\t<div data-elementor-type=\"wp-page\" data-elementor-id=\"2255\" class=\"elementor elementor-2255 elementor-1625\" data-elementor-post-type=\"page\">\n\t\t\t\t<div class=\"elementor-element elementor-element-fa8ef31 e-con-full e-flex e-con e-parent\" data-id=\"fa8ef31\" data-element_type=\"container\" data-e-type=\"container\" data-settings=\"{&quot;background_background&quot;:&quot;video&quot;,&quot;background_video_link&quot;:&quot;https:\\\/\\\/pichonbaldinu.com\\\/wp-content\\\/uploads\\\/2024\\\/08\\\/HOMBRE-VERTIENTE_DESKTOP.mp4&quot;,&quot;background_play_on_mobile&quot;:&quot;yes&quot;}\">\n\t\t<div class=\"elementor-background-video-container\">\n\t\t\t\t\t\t\t<video class=\"elementor-background-video-hosted\" role=\"presentation\" autoplay muted playsinline loop><\/video>\n\t\t\t\t\t<\/div>\t\t<\/div>\n\t\t<div class=\"elementor-element elementor-element-5fc1e61 e-con-full e-flex e-con e-parent\" data-id=\"5fc1e61\" data-element_type=\"container\" data-e-type=\"container\" data-settings=\"{&quot;background_background&quot;:&quot;classic&quot;}\">\n\t\t<div class=\"elementor-element elementor-element-0379af6 e-con-full e-flex e-con e-child\" data-id=\"0379af6\" data-element_type=\"container\" data-e-type=\"container\" data-settings=\"{&quot;background_background&quot;:&quot;classic&quot;}\">\n\t\t\t\t<div class=\"elementor-element elementor-element-17cd8c1 elementor-widget elementor-widget-heading\" data-id=\"17cd8c1\" data-element_type=\"widget\" data-e-type=\"widget\" data-widget_type=\"heading.default\">\n\t\t\t\t<div class=\"elementor-widget-container\">\n\t\t\t\t\t<h2 class=\"elementor-heading-title elementor-size-default\">Hombre Vertiente<\/h2>\t\t\t\t<\/div>\n\t\t\t\t<\/div>\n\t\t\t\t<\/div>\n\t\t\t\t<\/div>\n\t\t<div class=\"elementor-element elementor-element-b2c6771 e-con-full e-flex e-con e-parent\" data-id=\"b2c6771\" data-element_type=\"container\" data-e-type=\"container\" data-settings=\"{&quot;background_background&quot;:&quot;classic&quot;}\">\n\t\t<div class=\"elementor-element elementor-element-633363a e-con-full e-flex e-con e-child\" data-id=\"633363a\" data-element_type=\"container\" data-e-type=\"container\">\n\t\t\t\t<div class=\"elementor-element elementor-element-41c9fa4 elementor-view-default elementor-invisible elementor-widget elementor-widget-icon\" data-id=\"41c9fa4\" data-element_type=\"widget\" data-e-type=\"widget\" data-settings=\"{&quot;_animation&quot;:&quot;slideInLeft&quot;}\" data-widget_type=\"icon.default\">\n\t\t\t\t<div class=\"elementor-widget-container\">\n\t\t\t\t\t\t\t<div class=\"elementor-icon-wrapper\">\n\t\t\t<div class=\"elementor-icon\">\n\t\t\t<svg xmlns=\"http:\/\/www.w3.org\/2000\/svg\" width=\"409\" height=\"31\" viewBox=\"0 0 409 31\" fill=\"none\"><path d=\"M407.914 16.9142C408.695 16.1332 408.695 14.8668 407.914 14.0858L395.186 1.35786C394.405 0.576816 393.139 0.576816 392.358 1.35786C391.577 2.13891 391.577 3.40524 392.358 4.18629L403.672 15.5L392.358 26.8137C391.577 27.5948 391.577 28.8611 392.358 29.6421C393.139 30.4232 394.405 30.4232 395.186 29.6421L407.914 16.9142ZM0.5 17.5H406.5V13.5H0.5V17.5Z\" fill=\"white\"><\/path><\/svg>\t\t\t<\/div>\n\t\t<\/div>\n\t\t\t\t\t\t<\/div>\n\t\t\t\t<\/div>\n\t\t\t\t<\/div>\n\t\t<div class=\"elementor-element elementor-element-7c78e49 e-con-full e-flex e-con e-child\" data-id=\"7c78e49\" data-element_type=\"container\" data-e-type=\"container\">\n\t\t\t\t<div class=\"elementor-element elementor-element-f858b7b elementor-widget elementor-widget-text-editor\" data-id=\"f858b7b\" data-element_type=\"widget\" data-e-type=\"widget\" data-settings=\"{&quot;_animation&quot;:&quot;none&quot;}\" data-widget_type=\"text-editor.default\">\n\t\t\t\t<div class=\"elementor-widget-container\">\n\t\t\t\t\t\t\t\t\t<p style=\"color: #8513ff;\"><b>Creative Director, Stage Art, and Aerial Choreographer<br \/> <\/b><\/p>\n<p><b>In 2003<\/b><span style=\"font-weight: 400;\">, Pich\u00f3n Baldinu co-founded and directed<\/span><b> the theater company \u201cOJALA\u201d<\/b><br \/><span style=\"font-weight: 400;\">, known for its high-impact visual and sensory artistic ventures.<\/span><\/p>\n<p><span style=\"font-weight: 400;\">\u201cHombre Vertiente\u201d<\/span> <b>made its debut in December 2007,<\/b> <span style=\"font-weight: 400;\">when the International Exposition of Zaragoza, Spain, invited \u201cOjal\u00e1\u201d to create a performance focused on sustainability and water.<\/span> <b>The show officially premiered in June 2008, running for 93 consecutive days with 500 performances and over 1.3 million spectators.<\/b><\/p>\n<p><b>Each night, 6,000 liters of recycled water<\/b><span style=\"font-weight: 400;\"> were sprayed directly onto the audience, making<\/span><b> the experience both visual and physical.<\/b><span style=\"font-weight: 400;\">. La infraestructura para &#8220;Hombre Vertiente&#8221;, fue compleja y diferente a la del teatro convencional. Los actores act\u00faaban en el aire, suspendidos por cables de acero.  <\/span><\/p>\n<p><b>In 2011, a new production process began in Buenos Aires,<\/b> <span style=\"font-weight: 400;\">evolving the story into a more extended version<\/span> <span style=\"font-weight: 400;\">centered on the main character, the Water Carrier. This updated version was presented from Wednesday to Sunday,  <\/span><span style=\"font-weight: 400;\"> at<\/span> <b>the Villa Villa hall of the Centro Cultural Recoleta.<\/b><\/p>\n\t\t\t\t\t\t\t\t<\/div>\n\t\t\t\t<\/div>\n\t\t\t\t<\/div>\n\t\t\t\t<\/div>\n\t\t<div class=\"elementor-element elementor-element-0aaea4e e-con-full e-flex elementor-invisible e-con e-parent\" data-id=\"0aaea4e\" data-element_type=\"container\" data-e-type=\"container\" data-settings=\"{&quot;background_background&quot;:&quot;classic&quot;,&quot;animation&quot;:&quot;fadeIn&quot;}\">\n\t\t<div class=\"elementor-element elementor-element-dc552bd e-con-full e-flex e-con e-child\" data-id=\"dc552bd\" data-element_type=\"container\" data-e-type=\"container\" data-settings=\"{&quot;background_background&quot;:&quot;classic&quot;}\">\n\t\t\t\t<\/div>\n\t\t<div class=\"elementor-element elementor-element-a8086b1 e-con-full e-flex e-con e-child\" data-id=\"a8086b1\" data-element_type=\"container\" data-e-type=\"container\" data-settings=\"{&quot;background_background&quot;:&quot;classic&quot;}\">\n\t\t\t\t<\/div>\n\t\t\t\t<\/div>\n\t\t<div class=\"elementor-element elementor-element-8b705ec e-con-full e-flex e-con e-parent\" data-id=\"8b705ec\" data-element_type=\"container\" data-e-type=\"container\" data-settings=\"{&quot;background_background&quot;:&quot;classic&quot;}\">\n\t\t<div class=\"elementor-element elementor-element-0283cb4 e-con-full e-flex e-con e-child\" data-id=\"0283cb4\" data-element_type=\"container\" data-e-type=\"container\" data-settings=\"{&quot;background_background&quot;:&quot;classic&quot;}\">\n\t\t\t\t<\/div>\n\t\t<div class=\"elementor-element elementor-element-2dfce95 e-con-full e-flex e-con e-child\" data-id=\"2dfce95\" data-element_type=\"container\" data-e-type=\"container\" data-settings=\"{&quot;background_background&quot;:&quot;classic&quot;}\">\n\t\t\t\t<\/div>\n\t\t<div class=\"elementor-element elementor-element-e3e6c5a e-con-full e-flex e-con e-child\" data-id=\"e3e6c5a\" data-element_type=\"container\" data-e-type=\"container\" data-settings=\"{&quot;background_background&quot;:&quot;classic&quot;}\">\n\t\t\t\t<\/div>\n\t\t\t\t<\/div>\n\t\t<div class=\"elementor-element elementor-element-a1194ee e-con-full e-flex e-con e-parent\" data-id=\"a1194ee\" data-element_type=\"container\" data-e-type=\"container\" data-settings=\"{&quot;background_background&quot;:&quot;classic&quot;}\">\n\t\t<div class=\"elementor-element elementor-element-57dc520 e-con-full e-flex e-con e-child\" data-id=\"57dc520\" data-element_type=\"container\" data-e-type=\"container\">\n\t\t\t\t<div class=\"elementor-element elementor-element-621a8f2 elementor-view-default elementor-invisible elementor-widget elementor-widget-icon\" data-id=\"621a8f2\" data-element_type=\"widget\" data-e-type=\"widget\" data-settings=\"{&quot;_animation&quot;:&quot;slideInLeft&quot;}\" data-widget_type=\"icon.default\">\n\t\t\t\t<div class=\"elementor-widget-container\">\n\t\t\t\t\t\t\t<div class=\"elementor-icon-wrapper\">\n\t\t\t<div class=\"elementor-icon\">\n\t\t\t<svg xmlns=\"http:\/\/www.w3.org\/2000\/svg\" width=\"409\" height=\"31\" viewBox=\"0 0 409 31\" fill=\"none\"><path d=\"M407.914 16.9142C408.695 16.1332 408.695 14.8668 407.914 14.0858L395.186 1.35786C394.405 0.576816 393.139 0.576816 392.358 1.35786C391.577 2.13891 391.577 3.40524 392.358 4.18629L403.672 15.5L392.358 26.8137C391.577 27.5948 391.577 28.8611 392.358 29.6421C393.139 30.4232 394.405 30.4232 395.186 29.6421L407.914 16.9142ZM0.5 17.5H406.5V13.5H0.5V17.5Z\" fill=\"white\"><\/path><\/svg>\t\t\t<\/div>\n\t\t<\/div>\n\t\t\t\t\t\t<\/div>\n\t\t\t\t<\/div>\n\t\t\t\t<\/div>\n\t\t<div class=\"elementor-element elementor-element-8b7a5e9 e-con-full e-flex e-con e-child\" data-id=\"8b7a5e9\" data-element_type=\"container\" data-e-type=\"container\">\n\t\t\t\t<div class=\"elementor-element elementor-element-ce590cf elementor-widget elementor-widget-text-editor\" data-id=\"ce590cf\" data-element_type=\"widget\" data-e-type=\"widget\" data-settings=\"{&quot;_animation&quot;:&quot;none&quot;}\" data-widget_type=\"text-editor.default\">\n\t\t\t\t<div class=\"elementor-widget-container\">\n\t\t\t\t\t\t\t\t\t<p><span style=\"font-weight: 400;\">\u201cHombre Vertiente\u201d resonated beyond Buenos Aires, with national performances in Santa Fe and C\u00f3rdoba<\/span><b>, and international success in Mexico City and Tel Aviv.<\/b><\/p>\n<p><span style=\"font-weight: 400;\">The show<\/span> <b>broke traditional barriers between actors and spectators, placing the audience at the heart of the action and creating a new dynamic. This proximity not only heightened the audience&#8217;s vulnerability and attentiveness but also invited a deeper and more emotional connection with the scenes.<\/b><span style=\"font-weight: 400;\">. El p\u00fablico se encontraba en el centro de la acci\u00f3n, creando una nueva din\u00e1mica. Esta cercan\u00eda no solo hac\u00eda que el p\u00fablico se sintiera m\u00e1s vulnerable y atento, sino que tambi\u00e9n lo invitaba a conectar de manera m\u00e1s profunda y emocional con las escenas.    <\/span><\/p>\n<p><b>2008-2018: <\/b><span style=\"font-weight: 400;\">Centro Cultural Recoleta &#8211; Buenos Aires, Argentina; Santa Fe, Argentina; C\u00f3rdoba, Argentina; Mexico City, Mexico; Tel Aviv, Israel.<\/span><\/p>\n<p><b>2014:<\/b><span style=\"font-weight: 400;\"> 2014: H2OMBRE, a new version of Hombre Vertiente, premiered at the Arsht Center in Miami, USA, with the collaboration of director and choreographer Sergio Trujillo.  <\/span><\/p>\n<p><b>2007:<\/b> <span style=\"font-weight: 400;\">1st Expo in Zaragoza, Spain with 500 performances and 1.3 million spectators.<\/span> <\/p>\n\t\t\t\t\t\t\t\t<\/div>\n\t\t\t\t<\/div>\n\t\t\t\t<\/div>\n\t\t\t\t<\/div>\n\t\t<div class=\"elementor-element elementor-element-c9f156f e-con-full e-flex e-con e-parent\" data-id=\"c9f156f\" data-element_type=\"container\" data-e-type=\"container\" data-settings=\"{&quot;background_background&quot;:&quot;classic&quot;}\">\n\t\t<div class=\"elementor-element elementor-element-ec7da0d e-con-full e-flex e-con e-child\" data-id=\"ec7da0d\" data-element_type=\"container\" data-e-type=\"container\" data-settings=\"{&quot;background_background&quot;:&quot;classic&quot;}\">\n\t\t\t\t<\/div>\n\t\t<div class=\"elementor-element elementor-element-fa48262 e-con-full e-flex e-con e-child\" data-id=\"fa48262\" data-element_type=\"container\" data-e-type=\"container\" data-settings=\"{&quot;background_background&quot;:&quot;classic&quot;}\">\n\t\t\t\t<\/div>\n\t\t\t\t<\/div>\n\t\t<div class=\"elementor-element elementor-element-ef32cb7 e-con-full e-flex e-con e-parent\" data-id=\"ef32cb7\" data-element_type=\"container\" data-e-type=\"container\" data-settings=\"{&quot;background_background&quot;:&quot;classic&quot;}\">\n\t\t<div class=\"elementor-element elementor-element-d691ad9 e-con-full e-flex e-con e-child\" data-id=\"d691ad9\" data-element_type=\"container\" data-e-type=\"container\" data-settings=\"{&quot;background_background&quot;:&quot;classic&quot;}\">\n\t\t\t\t<\/div>\n\t\t<div class=\"elementor-element elementor-element-1d2a2c4 e-con-full e-flex e-con e-child\" data-id=\"1d2a2c4\" data-element_type=\"container\" data-e-type=\"container\" data-settings=\"{&quot;background_background&quot;:&quot;classic&quot;}\">\n\t\t\t\t<\/div>\n\t\t<div class=\"elementor-element elementor-element-c2dee21 e-con-full e-flex e-con e-child\" data-id=\"c2dee21\" data-element_type=\"container\" data-e-type=\"container\" data-settings=\"{&quot;background_background&quot;:&quot;classic&quot;}\">\n\t\t\t\t<\/div>\n\t\t\t\t<\/div>\n\t\t\t\t<\/div>\n\t\t","protected":false},"excerpt":{"rendered":"<p>Hombre Vertiente Creative Director, Stage Art, and Aerial Choreographer In 2003, Pich\u00f3n Baldinu co-founded and directed the theater company \u201cOJALA\u201d, [&hellip;]<\/p>\n","protected":false},"author":1,"featured_media":0,"parent":0,"menu_order":0,"comment_status":"closed","ping_status":"closed","template":"","meta":{"site-sidebar-layout":"no-sidebar","site-content-layout":"","ast-site-content-layout":"full-width-container","site-content-style":"default","site-sidebar-style":"default","ast-global-header-display":"","ast-banner-title-visibility":"","ast-main-header-display":"","ast-hfb-above-header-display":"","ast-hfb-below-header-display":"","ast-hfb-mobile-header-display":"","site-post-title":"disabled","ast-breadcrumbs-content":"","ast-featured-img":"disabled","footer-sml-layout":"","ast-disable-related-posts":"","theme-transparent-header-meta":"","adv-header-id-meta":"","stick-header-meta":"","header-above-stick-meta":"","header-main-stick-meta":"","header-below-stick-meta":"","astra-migrate-meta-layouts":"default","ast-page-background-enabled":"default","ast-page-background-meta":{"desktop":{"background-color":"var(--ast-global-color-4)","background-image":"","background-repeat":"repeat","background-position":"center center","background-size":"auto","background-attachment":"scroll","background-type":"","background-media":"","overlay-type":"","overlay-color":"","overlay-opacity":"","overlay-gradient":""},"tablet":{"background-color":"","background-image":"","background-repeat":"repeat","background-position":"center center","background-size":"auto","background-attachment":"scroll","background-type":"","background-media":"","overlay-type":"","overlay-color":"","overlay-opacity":"","overlay-gradient":""},"mobile":{"background-color":"","background-image":"","background-repeat":"repeat","background-position":"center center","background-size":"auto","background-attachment":"scroll","background-type":"","background-media":"","overlay-type":"","overlay-color":"","overlay-opacity":"","overlay-gradient":""}},"ast-content-background-meta":{"desktop":{"background-color":"var(--ast-global-color-5)","background-image":"","background-repeat":"repeat","background-position":"center center","background-size":"auto","background-attachment":"scroll","background-type":"","background-media":"","overlay-type":"","overlay-color":"","overlay-opacity":"","overlay-gradient":""},"tablet":{"background-color":"var(--ast-global-color-5)","background-image":"","background-repeat":"repeat","background-position":"center center","background-size":"auto","background-attachment":"scroll","background-type":"","background-media":"","overlay-type":"","overlay-color":"","overlay-opacity":"","overlay-gradient":""},"mobile":{"background-color":"var(--ast-global-color-5)","background-image":"","background-repeat":"repeat","background-position":"center center","background-size":"auto","background-attachment":"scroll","background-type":"","background-media":"","overlay-type":"","overlay-color":"","overlay-opacity":"","overlay-gradient":""}},"footnotes":""},"class_list":["post-2255","page","type-page","status-publish","hentry"],"_links":{"self":[{"href":"https:\/\/pichonbaldinu.com\/en\/wp-json\/wp\/v2\/pages\/2255","targetHints":{"allow":["GET"]}}],"collection":[{"href":"https:\/\/pichonbaldinu.com\/en\/wp-json\/wp\/v2\/pages"}],"about":[{"href":"https:\/\/pichonbaldinu.com\/en\/wp-json\/wp\/v2\/types\/page"}],"author":[{"embeddable":true,"href":"https:\/\/pichonbaldinu.com\/en\/wp-json\/wp\/v2\/users\/1"}],"replies":[{"embeddable":true,"href":"https:\/\/pichonbaldinu.com\/en\/wp-json\/wp\/v2\/comments?post=2255"}],"version-history":[{"count":1,"href":"https:\/\/pichonbaldinu.com\/en\/wp-json\/wp\/v2\/pages\/2255\/revisions"}],"predecessor-version":[{"id":2256,"href":"https:\/\/pichonbaldinu.com\/en\/wp-json\/wp\/v2\/pages\/2255\/revisions\/2256"}],"wp:attachment":[{"href":"https:\/\/pichonbaldinu.com\/en\/wp-json\/wp\/v2\/media?parent=2255"}],"curies":[{"name":"wp","href":"https:\/\/api.w.org\/{rel}","templated":true}]}}